{"id":25,"date":"2024-12-09T14:50:21","date_gmt":"2024-12-09T17:50:21","guid":{"rendered":"https:\/\/hanier.markcom.dev.br\/?page_id=25"},"modified":"2025-02-17T14:27:36","modified_gmt":"2025-02-17T17:27:36","slug":"estrutura","status":"publish","type":"page","link":"https:\/\/hanier.markcom.dev.br\/en\/estrutura\/","title":{"rendered":"Structure"},"content":{"rendered":"<h1 class=\"wp-block-heading\">100% Brazilian company!<\/h1>\n\n\n\n<ul class=\"wp-block-list\">\n<li>With facilities in an area of \u200b\u200b52,000 m\u00b2, we seek to constantly evolve in research into chemical specialties, offering differentiated products and processes to a large number of customers in Brazil and abroad.<\/li>\n\n\n\n<li>We apply the highest standards of industrial and environmental management, meeting legal requirements and offering a range of environmentally friendly products.<\/li>\n\n\n\n<li>A multidisciplinary team, in constant training, works to keep management evolving.<\/li>\n<\/ul>\n\n\n\n<h2 class=\"wp-block-heading\">Service<\/h2>\n\n\n\n<ul class=\"wp-block-list\">\n<li><strong>Comprometimento com o cliente:<\/strong>\n<ul class=\"wp-block-list\">\n<li>The implementation of a modern layout and fully computerized system enables customer service to be provided quickly and efficiently.<\/li>\n\n\n\n<li>Employees are involved and committed to working groups to find the best solutions in the organization's administrative management process.<\/li>\n<\/ul>\n<\/li>\n<\/ul>\n\n\n\n<h2 class=\"wp-block-heading\">Laboratory<\/h2>\n\n\n\n<ul class=\"wp-block-list\">\n<li><strong>Desenvolvimento e capacita\u00e7\u00e3o t\u00e9cnica:<\/strong>\n<ul class=\"wp-block-list\">\n<li>Os laborat\u00f3rios de pesquisa, desenvolvimento e controle de qualidade, equipados com aparelhos modernos e equipes altamente capacitadas, oferecem suporte t\u00e9cnico de alto n\u00edvel atendendo as necessidades espec\u00edficas de cada cliente.<\/li>\n<\/ul>\n<\/li>\n<\/ul>\n\n\n\n<h2 class=\"wp-block-heading\">Auditorium<\/h2>\n\n\n\n<ul class=\"wp-block-list\">\n<li><strong>Palestras e treinamentos:<\/strong>\n<ul class=\"wp-block-list\">\n<li>Dispomos de um espa\u00e7o moderno, amplo e confort\u00e1vel, projetado e equipado para palestras, cursos e semin\u00e1rios, visando \u00e0 troca de experi\u00eancias e integra\u00e7\u00e3o entre as equipes de trabalho, clientes e fornecedores.<\/li>\n<\/ul>\n<\/li>\n<\/ul>\n\n\n\n<h2 class=\"wp-block-heading\">Teams<\/h2>\n\n\n\n<ul class=\"wp-block-list\">\n<li>Strong and highly qualified teams\n<ul class=\"wp-block-list\">\n<li>Provendo solu\u00e7\u00f5es que satisfa\u00e7am as expectativas de nossos clientes, investimos na capacita\u00e7\u00e3o e no desenvolvimento profissional das equipes, na melhoria continua dos processos, produtos e sistemas de gest\u00e3o de qualidade, garantindo a perenidade e a estabilidade financeira da empresa.<\/li>\n<\/ul>\n<\/li>\n<\/ul>\n\n\n\n<h2 class=\"wp-block-heading\">Infrastructure<\/h2>\n\n\n\n<ul class=\"wp-block-list\">\n<li>We have a solid and versatile industrial structure to serve the markets in which we operate.\n<ul class=\"wp-block-list\">\n<li>We can highlight\n<ul class=\"wp-block-list\">\n<li>Over 6000 storage positions<\/li>\n\n\n\n<li>Exclusive area for flammable materials<\/li>\n\n\n\n<li>Docks for receiving trucks with maneuvering yard<\/li>\n\n\n\n<li>Road scale<\/li>\n\n\n\n<li>Electric and combustion forklifts<\/li>\n\n\n\n<li>Computerized inventory control system<\/li>\n<\/ul>\n<\/li>\n<\/ul>\n<\/li>\n<\/ul>\n\n\n\n<h2 class=\"wp-block-heading\">Quality of Life<\/h2>\n\n\n\n<ul class=\"wp-block-list\">\n<li>Work with quality of life\n<ul class=\"wp-block-list\">\n<li>We provide employees with a healthy environment that encourages good performance in their professional activities and social integration.<\/li>\n<\/ul>\n<\/li>\n<\/ul>\n\n\n\n<h2 class=\"wp-block-heading\">Emerg\u00eancias qu\u00edmicas rodovi\u00e1rias<\/h2>\n\n\n\n<ul class=\"wp-block-list\">\n<li>We have a contract with a company specialized in responding to chemical and environmental road emergencies throughout the country.<\/li>\n\n\n\n<li>Recebemos anualmente os certificados ACIDENTE ZERO e de Consultoria no Atendimento as Legisla\u00e7\u00f5es de Transportes de Produtos Perigosos e Plano de Atendimento Emergencial Rodovi\u00e1rio, que comprovam nosso comprometimento com as melhores pr\u00e1ticas ambientais e de seguran\u00e7a no transporte de produtos qu\u00edmicos.<\/li>\n<\/ul>\n\n\n\n<h2 class=\"wp-block-heading\"><strong>5S Program<\/strong><\/h2>\n\n\n\n<ul class=\"wp-block-list\">\n<li>We think and act in a way that meets the 5 senses of the 5S Program, ensuring standardization in activities in an organized and safe manner, delivering excellent quality products and services to our customers.<\/li>\n\n\n\n<li>Nos orgulhamos em manter uma filosofia de trabalho baseada na metodologia 5S<\/li>\n<\/ul>\n\n\n\n<h2 class=\"wp-block-heading\"><strong>Literary Project<\/strong><\/h2>\n\n\n\n<ul class=\"wp-block-list\">\n<li>In July 2022, in partnership with SESI, we implemented the CAIXA DE CULTURA, containing literary works of various genres, such as novels, poems, short stories, chronicles, travel reports, among others, which are available for loan to employees.<\/li>\n\n\n\n<li>Atrav\u00e9s deste programa incentivamos a leitura e promovemos aos nossos funcion\u00e1rios o desenvolvimento cultural, a criatividade, melhora do racioc\u00ednio, amplia\u00e7\u00e3o do conhecimento e do vocabul\u00e1rio, al\u00e9m de transportar os leitores as mais diversas viagens liter\u00e1rias permitidas por sua imagina\u00e7\u00e3o.<\/li>\n\n\n\n<li>As demonstra\u00e7\u00f5es de interesse dos funcion\u00e1rios e ades\u00f5es ao projeto nos traz a certeza de sua efic\u00e1cia<\/li>\n\n\n\n<li>&#8220;A leitura engrandece a alma!&#8221; (Voltaire)<\/li>\n<\/ul>","protected":false},"excerpt":{"rendered":"<p>Empresa 100% brasileira! Atendimento Laborat\u00f3rio Audit\u00f3rio Equipes Infraestrutura Qualidade de Vida Emerg\u00eancias qu\u00edmicas rodovi\u00e1rias Programa 5S Projeto Liter\u00e1rio<\/p>","protected":false},"author":1,"featured_media":281,"parent":0,"menu_order":5,"comment_status":"closed","ping_status":"closed","template":"","meta":{"_acf_changed":false,"inline_featured_image":false,"footnotes":""},"class_list":["post-25","page","type-page","status-publish","has-post-thumbnail","hentry"],"acf":[],"yoast_head":"<!-- This site is optimized with the Yoast SEO plugin v27.5 - https:\/\/yoast.com\/product\/yoast-seo-wordpress\/ -->\n<title>Estrutura - Hanier<\/title>\n<meta name=\"robots\" content=\"index, follow, max-snippet:-1, max-image-preview:large, max-video-preview:-1\" \/>\n<link rel=\"canonical\" href=\"https:\/\/hanier.markcom.dev.br\/en\/estrutura\/\" \/>\n<meta property=\"og:locale\" content=\"en_US\" \/>\n<meta property=\"og:type\" content=\"article\" \/>\n<meta property=\"og:title\" content=\"Estrutura - Hanier\" \/>\n<meta property=\"og:description\" content=\"Empresa 100% brasileira! Atendimento Laborat\u00f3rio Audit\u00f3rio Equipes Infraestrutura Qualidade de Vida Emerg\u00eancias qu\u00edmicas rodovi\u00e1rias Programa 5S Projeto Liter\u00e1rio\" \/>\n<meta property=\"og:url\" content=\"https:\/\/hanier.markcom.dev.br\/en\/estrutura\/\" \/>\n<meta property=\"og:site_name\" content=\"Hanier\" \/>\n<meta property=\"article:modified_time\" content=\"2025-02-17T17:27:36+00:00\" \/>\n<meta property=\"og:image\" content=\"https:\/\/hanier.markcom.dev.br\/wp-content\/uploads\/2024\/12\/foto_joel-1024x390.png\" \/>\n\t<meta property=\"og:image:width\" content=\"1024\" \/>\n\t<meta property=\"og:image:height\" content=\"390\" \/>\n\t<meta property=\"og:image:type\" content=\"image\/png\" \/>\n<meta name=\"twitter:card\" content=\"summary_large_image\" \/>\n<meta name=\"twitter:label1\" content=\"Est. reading time\" \/>\n\t<meta name=\"twitter:data1\" content=\"3 minutes\" \/>\n<script type=\"application\/ld+json\" class=\"yoast-schema-graph\">{\"@context\":\"https:\\\/\\\/schema.org\",\"@graph\":[{\"@type\":\"WebPage\",\"@id\":\"https:\\\/\\\/hanier.markcom.dev.br\\\/estrutura\\\/\",\"url\":\"https:\\\/\\\/hanier.markcom.dev.br\\\/estrutura\\\/\",\"name\":\"Estrutura - Hanier\",\"isPartOf\":{\"@id\":\"https:\\\/\\\/hanier.markcom.dev.br\\\/#website\"},\"primaryImageOfPage\":{\"@id\":\"https:\\\/\\\/hanier.markcom.dev.br\\\/estrutura\\\/#primaryimage\"},\"image\":{\"@id\":\"https:\\\/\\\/hanier.markcom.dev.br\\\/estrutura\\\/#primaryimage\"},\"thumbnailUrl\":\"https:\\\/\\\/hanier.markcom.dev.br\\\/wp-content\\\/uploads\\\/2024\\\/12\\\/foto_joel.png\",\"datePublished\":\"2024-12-09T17:50:21+00:00\",\"dateModified\":\"2025-02-17T17:27:36+00:00\",\"breadcrumb\":{\"@id\":\"https:\\\/\\\/hanier.markcom.dev.br\\\/estrutura\\\/#breadcrumb\"},\"inLanguage\":\"en-US\",\"potentialAction\":[{\"@type\":\"ReadAction\",\"target\":[\"https:\\\/\\\/hanier.markcom.dev.br\\\/estrutura\\\/\"]}]},{\"@type\":\"ImageObject\",\"inLanguage\":\"en-US\",\"@id\":\"https:\\\/\\\/hanier.markcom.dev.br\\\/estrutura\\\/#primaryimage\",\"url\":\"https:\\\/\\\/hanier.markcom.dev.br\\\/wp-content\\\/uploads\\\/2024\\\/12\\\/foto_joel.png\",\"contentUrl\":\"https:\\\/\\\/hanier.markcom.dev.br\\\/wp-content\\\/uploads\\\/2024\\\/12\\\/foto_joel.png\",\"width\":1920,\"height\":732},{\"@type\":\"BreadcrumbList\",\"@id\":\"https:\\\/\\\/hanier.markcom.dev.br\\\/estrutura\\\/#breadcrumb\",\"itemListElement\":[{\"@type\":\"ListItem\",\"position\":1,\"name\":\"In\u00edcio\",\"item\":\"https:\\\/\\\/hanier.markcom.dev.br\\\/\"},{\"@type\":\"ListItem\",\"position\":2,\"name\":\"Estrutura\"}]},{\"@type\":\"WebSite\",\"@id\":\"https:\\\/\\\/hanier.markcom.dev.br\\\/#website\",\"url\":\"https:\\\/\\\/hanier.markcom.dev.br\\\/\",\"name\":\"Hanier\",\"description\":\"\",\"publisher\":{\"@id\":\"https:\\\/\\\/hanier.markcom.dev.br\\\/#organization\"},\"potentialAction\":[{\"@type\":\"SearchAction\",\"target\":{\"@type\":\"EntryPoint\",\"urlTemplate\":\"https:\\\/\\\/hanier.markcom.dev.br\\\/?s={search_term_string}\"},\"query-input\":{\"@type\":\"PropertyValueSpecification\",\"valueRequired\":true,\"valueName\":\"search_term_string\"}}],\"inLanguage\":\"en-US\"},{\"@type\":\"Organization\",\"@id\":\"https:\\\/\\\/hanier.markcom.dev.br\\\/#organization\",\"name\":\"Hanier\",\"url\":\"https:\\\/\\\/hanier.markcom.dev.br\\\/\",\"logo\":{\"@type\":\"ImageObject\",\"inLanguage\":\"en-US\",\"@id\":\"https:\\\/\\\/hanier.markcom.dev.br\\\/#\\\/schema\\\/logo\\\/image\\\/\",\"url\":\"https:\\\/\\\/hanier.markcom.dev.br\\\/wp-content\\\/uploads\\\/2024\\\/12\\\/logo.svg\",\"contentUrl\":\"https:\\\/\\\/hanier.markcom.dev.br\\\/wp-content\\\/uploads\\\/2024\\\/12\\\/logo.svg\",\"width\":177,\"height\":97,\"caption\":\"Hanier\"},\"image\":{\"@id\":\"https:\\\/\\\/hanier.markcom.dev.br\\\/#\\\/schema\\\/logo\\\/image\\\/\"}}]}<\/script>\n<!-- \/ Yoast SEO plugin. -->","yoast_head_json":{"title":"Estrutura - Hanier","robots":{"index":"index","follow":"follow","max-snippet":"max-snippet:-1","max-image-preview":"max-image-preview:large","max-video-preview":"max-video-preview:-1"},"canonical":"https:\/\/hanier.markcom.dev.br\/en\/estrutura\/","og_locale":"en_US","og_type":"article","og_title":"Estrutura - Hanier","og_description":"Empresa 100% brasileira! Atendimento Laborat\u00f3rio Audit\u00f3rio Equipes Infraestrutura Qualidade de Vida Emerg\u00eancias qu\u00edmicas rodovi\u00e1rias Programa 5S Projeto Liter\u00e1rio","og_url":"https:\/\/hanier.markcom.dev.br\/en\/estrutura\/","og_site_name":"Hanier","article_modified_time":"2025-02-17T17:27:36+00:00","og_image":[{"width":1024,"height":390,"url":"https:\/\/hanier.markcom.dev.br\/wp-content\/uploads\/2024\/12\/foto_joel-1024x390.png","type":"image\/png"}],"twitter_card":"summary_large_image","twitter_misc":{"Est. reading time":"3 minutes"},"schema":{"@context":"https:\/\/schema.org","@graph":[{"@type":"WebPage","@id":"https:\/\/hanier.markcom.dev.br\/estrutura\/","url":"https:\/\/hanier.markcom.dev.br\/estrutura\/","name":"Estrutura - Hanier","isPartOf":{"@id":"https:\/\/hanier.markcom.dev.br\/#website"},"primaryImageOfPage":{"@id":"https:\/\/hanier.markcom.dev.br\/estrutura\/#primaryimage"},"image":{"@id":"https:\/\/hanier.markcom.dev.br\/estrutura\/#primaryimage"},"thumbnailUrl":"https:\/\/hanier.markcom.dev.br\/wp-content\/uploads\/2024\/12\/foto_joel.png","datePublished":"2024-12-09T17:50:21+00:00","dateModified":"2025-02-17T17:27:36+00:00","breadcrumb":{"@id":"https:\/\/hanier.markcom.dev.br\/estrutura\/#breadcrumb"},"inLanguage":"en-US","potentialAction":[{"@type":"ReadAction","target":["https:\/\/hanier.markcom.dev.br\/estrutura\/"]}]},{"@type":"ImageObject","inLanguage":"en-US","@id":"https:\/\/hanier.markcom.dev.br\/estrutura\/#primaryimage","url":"https:\/\/hanier.markcom.dev.br\/wp-content\/uploads\/2024\/12\/foto_joel.png","contentUrl":"https:\/\/hanier.markcom.dev.br\/wp-content\/uploads\/2024\/12\/foto_joel.png","width":1920,"height":732},{"@type":"BreadcrumbList","@id":"https:\/\/hanier.markcom.dev.br\/estrutura\/#breadcrumb","itemListElement":[{"@type":"ListItem","position":1,"name":"In\u00edcio","item":"https:\/\/hanier.markcom.dev.br\/"},{"@type":"ListItem","position":2,"name":"Estrutura"}]},{"@type":"WebSite","@id":"https:\/\/hanier.markcom.dev.br\/#website","url":"https:\/\/hanier.markcom.dev.br\/","name":"Hanier","description":"","publisher":{"@id":"https:\/\/hanier.markcom.dev.br\/#organization"},"potentialAction":[{"@type":"SearchAction","target":{"@type":"EntryPoint","urlTemplate":"https:\/\/hanier.markcom.dev.br\/?s={search_term_string}"},"query-input":{"@type":"PropertyValueSpecification","valueRequired":true,"valueName":"search_term_string"}}],"inLanguage":"en-US"},{"@type":"Organization","@id":"https:\/\/hanier.markcom.dev.br\/#organization","name":"Hanier","url":"https:\/\/hanier.markcom.dev.br\/","logo":{"@type":"ImageObject","inLanguage":"en-US","@id":"https:\/\/hanier.markcom.dev.br\/#\/schema\/logo\/image\/","url":"https:\/\/hanier.markcom.dev.br\/wp-content\/uploads\/2024\/12\/logo.svg","contentUrl":"https:\/\/hanier.markcom.dev.br\/wp-content\/uploads\/2024\/12\/logo.svg","width":177,"height":97,"caption":"Hanier"},"image":{"@id":"https:\/\/hanier.markcom.dev.br\/#\/schema\/logo\/image\/"}}]}},"_links":{"self":[{"href":"https:\/\/hanier.markcom.dev.br\/en\/wp-json\/wp\/v2\/pages\/25","targetHints":{"allow":["GET"]}}],"collection":[{"href":"https:\/\/hanier.markcom.dev.br\/en\/wp-json\/wp\/v2\/pages"}],"about":[{"href":"https:\/\/hanier.markcom.dev.br\/en\/wp-json\/wp\/v2\/types\/page"}],"author":[{"embeddable":true,"href":"https:\/\/hanier.markcom.dev.br\/en\/wp-json\/wp\/v2\/users\/1"}],"replies":[{"embeddable":true,"href":"https:\/\/hanier.markcom.dev.br\/en\/wp-json\/wp\/v2\/comments?post=25"}],"version-history":[{"count":19,"href":"https:\/\/hanier.markcom.dev.br\/en\/wp-json\/wp\/v2\/pages\/25\/revisions"}],"predecessor-version":[{"id":642,"href":"https:\/\/hanier.markcom.dev.br\/en\/wp-json\/wp\/v2\/pages\/25\/revisions\/642"}],"wp:featuredmedia":[{"embeddable":true,"href":"https:\/\/hanier.markcom.dev.br\/en\/wp-json\/wp\/v2\/media\/281"}],"wp:attachment":[{"href":"https:\/\/hanier.markcom.dev.br\/en\/wp-json\/wp\/v2\/media?parent=25"}],"curies":[{"name":"wp","href":"https:\/\/api.w.org\/{rel}","templated":true}]}}