{"id":25,"date":"2024-12-09T14:50:21","date_gmt":"2024-12-09T17:50:21","guid":{"rendered":"https:\/\/hanier.markcom.dev.br\/?page_id=25"},"modified":"2025-02-17T14:27:36","modified_gmt":"2025-02-17T17:27:36","slug":"estrutura","status":"publish","type":"page","link":"https:\/\/hanier.markcom.dev.br\/es\/estrutura\/","title":{"rendered":"Estructura"},"content":{"rendered":"<h1 class=\"wp-block-heading\">Empresa 100% brasile\u00f1a<\/h1>\n\n\n\n<ul class=\"wp-block-list\">\n<li>Con instalaciones en un \u00e1rea de 52.000 m2, buscamos evolucionar constantemente en la investigaci\u00f3n de especialidades qu\u00edmicas, ofreciendo productos y procesos diferenciados a un gran n\u00famero de clientes en Brasil y en el exterior.<\/li>\n\n\n\n<li>Aplicamos los m\u00e1s altos est\u00e1ndares de gesti\u00f3n industrial y ambiental, cumpliendo los requisitos legales y ofreciendo una gama de productos respetuosos con el medio ambiente.<\/li>\n\n\n\n<li>Un equipo multidisciplinario, en constante formaci\u00f3n, trabaja para mantener la gesti\u00f3n en constante evoluci\u00f3n.<\/li>\n<\/ul>\n\n\n\n<h2 class=\"wp-block-heading\">Servicio<\/h2>\n\n\n\n<ul class=\"wp-block-list\">\n<li><strong>Comprometimento com o cliente:<\/strong>\n<ul class=\"wp-block-list\">\n<li>La implementaci\u00f3n de un dise\u00f1o moderno y un sistema totalmente informatizado permite brindar un servicio al cliente de manera r\u00e1pida y eficiente.<\/li>\n\n\n\n<li>Los empleados est\u00e1n involucrados y comprometidos en grupos de trabajo para encontrar las mejores soluciones en el proceso de gesti\u00f3n administrativa de la organizaci\u00f3n.<\/li>\n<\/ul>\n<\/li>\n<\/ul>\n\n\n\n<h2 class=\"wp-block-heading\">Laboratorio<\/h2>\n\n\n\n<ul class=\"wp-block-list\">\n<li><strong>Desenvolvimento e capacita\u00e7\u00e3o t\u00e9cnica:<\/strong>\n<ul class=\"wp-block-list\">\n<li>Os laborat\u00f3rios de pesquisa, desenvolvimento e controle de qualidade, equipados com aparelhos modernos e equipes altamente capacitadas, oferecem suporte t\u00e9cnico de alto n\u00edvel atendendo as necessidades espec\u00edficas de cada cliente.<\/li>\n<\/ul>\n<\/li>\n<\/ul>\n\n\n\n<h2 class=\"wp-block-heading\">Sala<\/h2>\n\n\n\n<ul class=\"wp-block-list\">\n<li><strong>Palestras e treinamentos:<\/strong>\n<ul class=\"wp-block-list\">\n<li>Dispomos de um espa\u00e7o moderno, amplo e confort\u00e1vel, projetado e equipado para palestras, cursos e semin\u00e1rios, visando \u00e0 troca de experi\u00eancias e integra\u00e7\u00e3o entre as equipes de trabalho, clientes e fornecedores.<\/li>\n<\/ul>\n<\/li>\n<\/ul>\n\n\n\n<h2 class=\"wp-block-heading\">Equipos<\/h2>\n\n\n\n<ul class=\"wp-block-list\">\n<li>Equipos fuertes y altamente calificados\n<ul class=\"wp-block-list\">\n<li>Provendo solu\u00e7\u00f5es que satisfa\u00e7am as expectativas de nossos clientes, investimos na capacita\u00e7\u00e3o e no desenvolvimento profissional das equipes, na melhoria continua dos processos, produtos e sistemas de gest\u00e3o de qualidade, garantindo a perenidade e a estabilidade financeira da empresa.<\/li>\n<\/ul>\n<\/li>\n<\/ul>\n\n\n\n<h2 class=\"wp-block-heading\">Infraestructura<\/h2>\n\n\n\n<ul class=\"wp-block-list\">\n<li>Contamos con una estructura industrial s\u00f3lida y vers\u00e1til para atender los mercados en los que operamos.\n<ul class=\"wp-block-list\">\n<li>Podemos destacar:\n<ul class=\"wp-block-list\">\n<li>M\u00e1s de 6000 posiciones de almacenamiento<\/li>\n\n\n\n<li>Zona exclusiva para materiales inflamables<\/li>\n\n\n\n<li>Muelles para recepci\u00f3n de camiones con patio de maniobras<\/li>\n\n\n\n<li>Escala de carretera<\/li>\n\n\n\n<li>Carretillas elevadoras el\u00e9ctricas y de combusti\u00f3n<\/li>\n\n\n\n<li>Sistema computarizado de control de inventario<\/li>\n<\/ul>\n<\/li>\n<\/ul>\n<\/li>\n<\/ul>\n\n\n\n<h2 class=\"wp-block-heading\">Calidad de vida<\/h2>\n\n\n\n<ul class=\"wp-block-list\">\n<li>Trabajar con calidad de vida\n<ul class=\"wp-block-list\">\n<li>Proporcionamos a nuestros empleados un entorno saludable que fomenta el buen desempe\u00f1o de sus actividades profesionales y la integraci\u00f3n social.<\/li>\n<\/ul>\n<\/li>\n<\/ul>\n\n\n\n<h2 class=\"wp-block-heading\">Emerg\u00eancias qu\u00edmicas rodovi\u00e1rias<\/h2>\n\n\n\n<ul class=\"wp-block-list\">\n<li>Contamos con un contrato con una empresa especializada en atenci\u00f3n de emergencias viales qu\u00edmicas y ambientales en todo el pa\u00eds.<\/li>\n\n\n\n<li>Recebemos anualmente os certificados ACIDENTE ZERO e de Consultoria no Atendimento as Legisla\u00e7\u00f5es de Transportes de Produtos Perigosos e Plano de Atendimento Emergencial Rodovi\u00e1rio, que comprovam nosso comprometimento com as melhores pr\u00e1ticas ambientais e de seguran\u00e7a no transporte de produtos qu\u00edmicos.<\/li>\n<\/ul>\n\n\n\n<h2 class=\"wp-block-heading\"><strong>Programa 5S<\/strong><\/h2>\n\n\n\n<ul class=\"wp-block-list\">\n<li>Pensamos y actuamos de manera que atienda los 5 sentidos del Programa 5S, asegurando la estandarizaci\u00f3n en las actividades de forma organizada y segura, entregando productos y servicios de excelente calidad a nuestros clientes.<\/li>\n\n\n\n<li>Nos orgulhamos em manter uma filosofia de trabalho baseada na metodologia 5S<\/li>\n<\/ul>\n\n\n\n<h2 class=\"wp-block-heading\"><strong>Proyecto Literario<\/strong><\/h2>\n\n\n\n<ul class=\"wp-block-list\">\n<li>En julio de 2022, en alianza con SESI, implementamos la CAIXA DE CULTURA, que contiene obras literarias de diversos g\u00e9neros, como novelas, poemas, cuentos, cr\u00f3nicas, relatos de viajes, entre otros, que est\u00e1n disponibles para pr\u00e9stamo a los colaboradores.<\/li>\n\n\n\n<li>Atrav\u00e9s deste programa incentivamos a leitura e promovemos aos nossos funcion\u00e1rios o desenvolvimento cultural, a criatividade, melhora do racioc\u00ednio, amplia\u00e7\u00e3o do conhecimento e do vocabul\u00e1rio, al\u00e9m de transportar os leitores as mais diversas viagens liter\u00e1rias permitidas por sua imagina\u00e7\u00e3o.<\/li>\n\n\n\n<li>As demonstra\u00e7\u00f5es de interesse dos funcion\u00e1rios e ades\u00f5es ao projeto nos traz a certeza de sua efic\u00e1cia<\/li>\n\n\n\n<li>&#8220;A leitura engrandece a alma!&#8221; (Voltaire)<\/li>\n<\/ul>","protected":false},"excerpt":{"rendered":"<p>Empresa 100% brasileira! Atendimento Laborat\u00f3rio Audit\u00f3rio Equipes Infraestrutura Qualidade de Vida Emerg\u00eancias qu\u00edmicas rodovi\u00e1rias Programa 5S Projeto Liter\u00e1rio<\/p>","protected":false},"author":1,"featured_media":281,"parent":0,"menu_order":5,"comment_status":"closed","ping_status":"closed","template":"","meta":{"_acf_changed":false,"inline_featured_image":false,"footnotes":""},"class_list":["post-25","page","type-page","status-publish","has-post-thumbnail","hentry"],"acf":[],"yoast_head":"<!-- This site is optimized with the Yoast SEO plugin v27.5 - https:\/\/yoast.com\/product\/yoast-seo-wordpress\/ -->\n<title>Estrutura - Hanier<\/title>\n<meta name=\"robots\" content=\"index, follow, max-snippet:-1, max-image-preview:large, max-video-preview:-1\" \/>\n<link rel=\"canonical\" href=\"https:\/\/hanier.markcom.dev.br\/es\/estrutura\/\" \/>\n<meta property=\"og:locale\" content=\"es_ES\" \/>\n<meta property=\"og:type\" content=\"article\" \/>\n<meta property=\"og:title\" content=\"Estrutura - Hanier\" \/>\n<meta property=\"og:description\" content=\"Empresa 100% brasileira! Atendimento Laborat\u00f3rio Audit\u00f3rio Equipes Infraestrutura Qualidade de Vida Emerg\u00eancias qu\u00edmicas rodovi\u00e1rias Programa 5S Projeto Liter\u00e1rio\" \/>\n<meta property=\"og:url\" content=\"https:\/\/hanier.markcom.dev.br\/es\/estrutura\/\" \/>\n<meta property=\"og:site_name\" content=\"Hanier\" \/>\n<meta property=\"article:modified_time\" content=\"2025-02-17T17:27:36+00:00\" \/>\n<meta property=\"og:image\" content=\"https:\/\/hanier.markcom.dev.br\/wp-content\/uploads\/2024\/12\/foto_joel-1024x390.png\" \/>\n\t<meta property=\"og:image:width\" content=\"1024\" \/>\n\t<meta property=\"og:image:height\" content=\"390\" \/>\n\t<meta property=\"og:image:type\" content=\"image\/png\" \/>\n<meta name=\"twitter:card\" content=\"summary_large_image\" \/>\n<meta name=\"twitter:label1\" content=\"Tiempo de lectura\" \/>\n\t<meta name=\"twitter:data1\" content=\"3 minutes\" \/>\n<script type=\"application\/ld+json\" class=\"yoast-schema-graph\">{\"@context\":\"https:\\\/\\\/schema.org\",\"@graph\":[{\"@type\":\"WebPage\",\"@id\":\"https:\\\/\\\/hanier.markcom.dev.br\\\/estrutura\\\/\",\"url\":\"https:\\\/\\\/hanier.markcom.dev.br\\\/estrutura\\\/\",\"name\":\"Estrutura - Hanier\",\"isPartOf\":{\"@id\":\"https:\\\/\\\/hanier.markcom.dev.br\\\/#website\"},\"primaryImageOfPage\":{\"@id\":\"https:\\\/\\\/hanier.markcom.dev.br\\\/estrutura\\\/#primaryimage\"},\"image\":{\"@id\":\"https:\\\/\\\/hanier.markcom.dev.br\\\/estrutura\\\/#primaryimage\"},\"thumbnailUrl\":\"https:\\\/\\\/hanier.markcom.dev.br\\\/wp-content\\\/uploads\\\/2024\\\/12\\\/foto_joel.png\",\"datePublished\":\"2024-12-09T17:50:21+00:00\",\"dateModified\":\"2025-02-17T17:27:36+00:00\",\"breadcrumb\":{\"@id\":\"https:\\\/\\\/hanier.markcom.dev.br\\\/estrutura\\\/#breadcrumb\"},\"inLanguage\":\"es-ES\",\"potentialAction\":[{\"@type\":\"ReadAction\",\"target\":[\"https:\\\/\\\/hanier.markcom.dev.br\\\/estrutura\\\/\"]}]},{\"@type\":\"ImageObject\",\"inLanguage\":\"es-ES\",\"@id\":\"https:\\\/\\\/hanier.markcom.dev.br\\\/estrutura\\\/#primaryimage\",\"url\":\"https:\\\/\\\/hanier.markcom.dev.br\\\/wp-content\\\/uploads\\\/2024\\\/12\\\/foto_joel.png\",\"contentUrl\":\"https:\\\/\\\/hanier.markcom.dev.br\\\/wp-content\\\/uploads\\\/2024\\\/12\\\/foto_joel.png\",\"width\":1920,\"height\":732},{\"@type\":\"BreadcrumbList\",\"@id\":\"https:\\\/\\\/hanier.markcom.dev.br\\\/estrutura\\\/#breadcrumb\",\"itemListElement\":[{\"@type\":\"ListItem\",\"position\":1,\"name\":\"In\u00edcio\",\"item\":\"https:\\\/\\\/hanier.markcom.dev.br\\\/\"},{\"@type\":\"ListItem\",\"position\":2,\"name\":\"Estrutura\"}]},{\"@type\":\"WebSite\",\"@id\":\"https:\\\/\\\/hanier.markcom.dev.br\\\/#website\",\"url\":\"https:\\\/\\\/hanier.markcom.dev.br\\\/\",\"name\":\"Hanier\",\"description\":\"\",\"publisher\":{\"@id\":\"https:\\\/\\\/hanier.markcom.dev.br\\\/#organization\"},\"potentialAction\":[{\"@type\":\"SearchAction\",\"target\":{\"@type\":\"EntryPoint\",\"urlTemplate\":\"https:\\\/\\\/hanier.markcom.dev.br\\\/?s={search_term_string}\"},\"query-input\":{\"@type\":\"PropertyValueSpecification\",\"valueRequired\":true,\"valueName\":\"search_term_string\"}}],\"inLanguage\":\"es-ES\"},{\"@type\":\"Organization\",\"@id\":\"https:\\\/\\\/hanier.markcom.dev.br\\\/#organization\",\"name\":\"Hanier\",\"url\":\"https:\\\/\\\/hanier.markcom.dev.br\\\/\",\"logo\":{\"@type\":\"ImageObject\",\"inLanguage\":\"es-ES\",\"@id\":\"https:\\\/\\\/hanier.markcom.dev.br\\\/#\\\/schema\\\/logo\\\/image\\\/\",\"url\":\"https:\\\/\\\/hanier.markcom.dev.br\\\/wp-content\\\/uploads\\\/2024\\\/12\\\/logo.svg\",\"contentUrl\":\"https:\\\/\\\/hanier.markcom.dev.br\\\/wp-content\\\/uploads\\\/2024\\\/12\\\/logo.svg\",\"width\":177,\"height\":97,\"caption\":\"Hanier\"},\"image\":{\"@id\":\"https:\\\/\\\/hanier.markcom.dev.br\\\/#\\\/schema\\\/logo\\\/image\\\/\"}}]}<\/script>\n<!-- \/ Yoast SEO plugin. -->","yoast_head_json":{"title":"Estrutura - Hanier","robots":{"index":"index","follow":"follow","max-snippet":"max-snippet:-1","max-image-preview":"max-image-preview:large","max-video-preview":"max-video-preview:-1"},"canonical":"https:\/\/hanier.markcom.dev.br\/es\/estrutura\/","og_locale":"es_ES","og_type":"article","og_title":"Estrutura - Hanier","og_description":"Empresa 100% brasileira! Atendimento Laborat\u00f3rio Audit\u00f3rio Equipes Infraestrutura Qualidade de Vida Emerg\u00eancias qu\u00edmicas rodovi\u00e1rias Programa 5S Projeto Liter\u00e1rio","og_url":"https:\/\/hanier.markcom.dev.br\/es\/estrutura\/","og_site_name":"Hanier","article_modified_time":"2025-02-17T17:27:36+00:00","og_image":[{"width":1024,"height":390,"url":"https:\/\/hanier.markcom.dev.br\/wp-content\/uploads\/2024\/12\/foto_joel-1024x390.png","type":"image\/png"}],"twitter_card":"summary_large_image","twitter_misc":{"Tiempo de lectura":"3 minutes"},"schema":{"@context":"https:\/\/schema.org","@graph":[{"@type":"WebPage","@id":"https:\/\/hanier.markcom.dev.br\/estrutura\/","url":"https:\/\/hanier.markcom.dev.br\/estrutura\/","name":"Estrutura - Hanier","isPartOf":{"@id":"https:\/\/hanier.markcom.dev.br\/#website"},"primaryImageOfPage":{"@id":"https:\/\/hanier.markcom.dev.br\/estrutura\/#primaryimage"},"image":{"@id":"https:\/\/hanier.markcom.dev.br\/estrutura\/#primaryimage"},"thumbnailUrl":"https:\/\/hanier.markcom.dev.br\/wp-content\/uploads\/2024\/12\/foto_joel.png","datePublished":"2024-12-09T17:50:21+00:00","dateModified":"2025-02-17T17:27:36+00:00","breadcrumb":{"@id":"https:\/\/hanier.markcom.dev.br\/estrutura\/#breadcrumb"},"inLanguage":"es-ES","potentialAction":[{"@type":"ReadAction","target":["https:\/\/hanier.markcom.dev.br\/estrutura\/"]}]},{"@type":"ImageObject","inLanguage":"es-ES","@id":"https:\/\/hanier.markcom.dev.br\/estrutura\/#primaryimage","url":"https:\/\/hanier.markcom.dev.br\/wp-content\/uploads\/2024\/12\/foto_joel.png","contentUrl":"https:\/\/hanier.markcom.dev.br\/wp-content\/uploads\/2024\/12\/foto_joel.png","width":1920,"height":732},{"@type":"BreadcrumbList","@id":"https:\/\/hanier.markcom.dev.br\/estrutura\/#breadcrumb","itemListElement":[{"@type":"ListItem","position":1,"name":"In\u00edcio","item":"https:\/\/hanier.markcom.dev.br\/"},{"@type":"ListItem","position":2,"name":"Estrutura"}]},{"@type":"WebSite","@id":"https:\/\/hanier.markcom.dev.br\/#website","url":"https:\/\/hanier.markcom.dev.br\/","name":"Hanier","description":"","publisher":{"@id":"https:\/\/hanier.markcom.dev.br\/#organization"},"potentialAction":[{"@type":"SearchAction","target":{"@type":"EntryPoint","urlTemplate":"https:\/\/hanier.markcom.dev.br\/?s={search_term_string}"},"query-input":{"@type":"PropertyValueSpecification","valueRequired":true,"valueName":"search_term_string"}}],"inLanguage":"es-ES"},{"@type":"Organization","@id":"https:\/\/hanier.markcom.dev.br\/#organization","name":"Hanier","url":"https:\/\/hanier.markcom.dev.br\/","logo":{"@type":"ImageObject","inLanguage":"es-ES","@id":"https:\/\/hanier.markcom.dev.br\/#\/schema\/logo\/image\/","url":"https:\/\/hanier.markcom.dev.br\/wp-content\/uploads\/2024\/12\/logo.svg","contentUrl":"https:\/\/hanier.markcom.dev.br\/wp-content\/uploads\/2024\/12\/logo.svg","width":177,"height":97,"caption":"Hanier"},"image":{"@id":"https:\/\/hanier.markcom.dev.br\/#\/schema\/logo\/image\/"}}]}},"_links":{"self":[{"href":"https:\/\/hanier.markcom.dev.br\/es\/wp-json\/wp\/v2\/pages\/25","targetHints":{"allow":["GET"]}}],"collection":[{"href":"https:\/\/hanier.markcom.dev.br\/es\/wp-json\/wp\/v2\/pages"}],"about":[{"href":"https:\/\/hanier.markcom.dev.br\/es\/wp-json\/wp\/v2\/types\/page"}],"author":[{"embeddable":true,"href":"https:\/\/hanier.markcom.dev.br\/es\/wp-json\/wp\/v2\/users\/1"}],"replies":[{"embeddable":true,"href":"https:\/\/hanier.markcom.dev.br\/es\/wp-json\/wp\/v2\/comments?post=25"}],"version-history":[{"count":19,"href":"https:\/\/hanier.markcom.dev.br\/es\/wp-json\/wp\/v2\/pages\/25\/revisions"}],"predecessor-version":[{"id":642,"href":"https:\/\/hanier.markcom.dev.br\/es\/wp-json\/wp\/v2\/pages\/25\/revisions\/642"}],"wp:featuredmedia":[{"embeddable":true,"href":"https:\/\/hanier.markcom.dev.br\/es\/wp-json\/wp\/v2\/media\/281"}],"wp:attachment":[{"href":"https:\/\/hanier.markcom.dev.br\/es\/wp-json\/wp\/v2\/media?parent=25"}],"curies":[{"name":"wp","href":"https:\/\/api.w.org\/{rel}","templated":true}]}}